{"id":159,"date":"2019-09-11T21:33:16","date_gmt":"2019-09-11T18:33:16","guid":{"rendered":"https:\/\/www.evimtasnakliyat.com.tr\/nakliyat\/?page_id=159"},"modified":"2023-12-05T10:57:42","modified_gmt":"2023-12-05T07:57:42","slug":"pratik-ev-tasima-bilgileri","status":"publish","type":"page","link":"https:\/\/www.evimtasnakliyat.com.tr\/nakliyat\/pratik-ev-tasima-bilgileri","title":{"rendered":"Pratik Ev Ta\u015f\u0131ma Bilgileri"},"content":{"rendered":"<p><strong>Pratik Ev Ta\u015f\u0131ma Bilgileri<\/strong><\/p>\n<p><strong>Pratik ev ta\u015f\u0131ma bilgileri <\/strong>Her alanda oldu\u011fu gibi ev ta\u015f\u0131ma s\u0131ras\u0131nda da baz\u0131 bilgiler hayat kolayla\u015ft\u0131r\u0131c\u0131 olabiliyor. \u00d6ncelikle ta\u015f\u0131yaca\u011f\u0131n\u0131z m\u00fclk\u00fcn b\u00fcy\u00fckl\u00fc\u011f\u00fc, e\u015fyalar\u0131n az veya \u00e7ok olmas\u0131 gibi durumlar fark etmeksizin \u00f6nceden bir haz\u0131rl\u0131k yap\u0131lmas\u0131 \u015fartt\u0131r. Haz\u0131rl\u0131ks\u0131z ve aceleci bir \u015fekilde ta\u015f\u0131nmak olduk\u00e7a yanl\u0131\u015f bir davran\u0131\u015f olacakt\u0131r. Bu hem evinizi ta\u015f\u0131ma s\u00fcrecinin zor bir hale gelmesine, hem de e\u015fyalar\u0131n\u0131z\u0131n kaybolmas\u0131na, zarar g\u00f6rmesine, \u00e7izilmesine vs. sebep olabilir. Evimta\u015f Nakliyat olarak sizlere<a href=\"https:\/\/www.evimtasnakliyat.com.tr\/nakliyat\/pratik-ev-tasima-bilgileri\"> <strong>pratik ev ta\u015f\u0131ma bilgileri <\/strong><\/a>ile alakal\u0131 y\u0131llar\u0131n verdi\u011fi tecr\u00fcbemizle yard\u0131mc\u0131 olmak istiyoruz. \u00d6ncelikle, ev ta\u015f\u0131ma i\u015flemine ba\u015flamadan ev toplama i\u015flemini yapman\u0131z gerekir. Ev toplamay\u0131 ise ne kadar d\u00fczenli yaparsan\u0131z, i\u015finiz o derece kolayla\u015facakt\u0131r. E\u015fyalar\u0131n\u0131z\u0131 d\u00fczenli ve tertipli bir bi\u00e7imde toplay\u0131p paketlerseniz, \u00e7\u0131kar\u0131rken ve yeni evinize yerle\u015ftirirken o kadar rahat edersiniz.<\/p>\n<p><strong>Ta\u015f\u0131n\u0131rken E\u015fyalar\u0131n\u0131z\u0131 D\u00fczenli Bir \u015eekilde Toplay\u0131n<\/strong><\/p>\n<p>E\u015fyalar\u0131n\u0131z\u0131n d\u00fczenli bir \u015fekilde toplanmas\u0131, ta\u015f\u0131nma i\u015fleminin en \u00f6nemli ad\u0131mlar\u0131ndan bir tanesidir. Ta\u015f\u0131nmaya haz\u0131rl\u0131kl\u0131 olup, g\u00fcnler \u00f6ncesinden program\u0131n\u0131z\u0131 yapman\u0131z\u0131 tavsiye ediyoruz. Ta\u015f\u0131nmaya en az 5 g\u00fcn kala e\u015fya toplamaya ba\u015flaman\u0131z, hem yorulman\u0131z\u0131 engeller hem de daha basit bir \u015fekilde ta\u015f\u0131nm\u0131\u015f olursunuz. Bu konu <strong>pratik ev ta\u015f\u0131ma bilgileri <\/strong>aras\u0131nda \u00f6nem vermeniz gereken konulardan biridir. E\u011fer e\u015fyalar\u0131n\u0131z\u0131n toplanmas\u0131n\u0131 ve paketlenmesini kendiniz yapam\u0131yorsan\u0131z ya da vaktiniz yoksa, biz Evimta\u015f Nakliyat firmas\u0131 olarak sizlere destek sa\u011flamaktay\u0131z. E\u015fyalar\u0131n\u0131z\u0131n ta\u015f\u0131nmas\u0131, toplanmas\u0131, paketlenmesi gibi t\u00fcm a\u015famalarda hizmetimiz vard\u0131r. E\u015fyalar\u0131n toplanmas\u0131 esnas\u0131nda, t\u00fcm e\u015fya tiplerinin farkl\u0131 paketleme bi\u00e7imiyle ta\u015f\u0131nmas\u0131 gerekti\u011fini ve bir e\u015fyaya uygun paketleme tekni\u011finin di\u011fer e\u015fyaya uygun olamayabilece\u011fini unutmamal\u0131s\u0131n\u0131z.<\/p>\n<p><strong>E\u015fyalar \u00dczerinde Farkl\u0131 Paketleme Teknikleri Kullan\u0131n<\/strong><\/p>\n<p>Evinizi ta\u015f\u0131rken, e\u015fyalar\u0131n\u0131z\u0131n farkl\u0131 malzemelerden yap\u0131ld\u0131\u011f\u0131n\u0131 ve hepsi i\u00e7in ayr\u0131 teknikler uygulaman\u0131z gerekti\u011fini kesinlikle unutmamal\u0131s\u0131n\u0131z. \u00d6rne\u011fin, buzdolab\u0131, \u00e7ama\u015f\u0131r makinesi, bula\u015f\u0131k makinesi, f\u0131r\u0131n gibi beyaz e\u015fyalar ta\u015f\u0131n\u0131rken battaniye gibi yumu\u015fak bir tekstil \u00fcr\u00fcn\u00fc ile kaplanmal\u0131d\u0131r. Cam \u00fcr\u00fcnler ta\u015f\u0131n\u0131rken ise ka\u011f\u0131t ve gazete tarz\u0131 \u015feylerle kaplanmas\u0131 uygun olacakt\u0131r. \u00d6ncelikle <strong>pratik ev ta\u015f\u0131ma bilgileri <\/strong>aras\u0131nda e\u015fyalar\u0131n paketlenme tarz\u0131 olduk\u00e7a dikkat edilmesi gereken bir konudur. Mobilyalar da t\u0131pk\u0131 beyaz e\u015fyalar gibi yumu\u015fak tekstil \u00fcr\u00fcnleri ile kaplanarak ta\u015f\u0131nmaya uygun ev e\u015fyalar\u0131ndand\u0131r. \u0130\u015f yerinizle ya da evinizle alakal\u0131 evraklar\u0131, belgeleri ise yan\u0131n\u0131zda bir \u00e7antaya koyarak g\u00f6t\u00fcrmenizi tavsiye ediyoruz. Ta\u015f\u0131nma esnas\u0131nda bu t\u00fcr belgelerin kaybolmas\u0131 ve y\u0131rt\u0131lmas\u0131 gibi durumlar \u00e7anta i\u00e7inde olduklar\u0131 i\u00e7in engellenmi\u015f olacakt\u0131r.<\/p>\n<p><strong>Elektronik ve De\u011ferli E\u015fyalar\u0131 Dikkatli \u015eekilde Paketleyin<\/strong><\/p>\n<p>Maddi de\u011feri y\u00fcksek olan televizyon, tablet pc, bilgisayar gibi \u00fcr\u00fcnlerin ta\u015f\u0131nma esnas\u0131nda zarar g\u00f6rmemesi i\u00e7in di\u011fer \u00fcr\u00fcnlere oranla daha dikkatli bir bi\u00e7imde ta\u015f\u0131nmas\u0131 gerekir. Bu t\u00fcr e\u015fyalar i\u00e7in sizlere verebilece\u011fimiz en \u00f6nemli <strong>pratik ev ta\u015f\u0131ma bilgileri <\/strong>aras\u0131nda e\u015fyalar\u0131n kendi orjinal paketlerine koyulmas\u0131 gelmektedir. \u00d6rne\u011fin televizyonunuzu ta\u015f\u0131rken, sat\u0131n ald\u0131\u011f\u0131n\u0131zda i\u00e7inde geldi\u011fi koliyi atmay\u0131p saklarsan\u0131z, televizyonu ta\u015f\u0131man\u0131z daha kolay olacakt\u0131r. Ayr\u0131ca, televizyon ve laptop gibi \u00fcr\u00fcnlerin kutular\u0131yla birlikte gelen beyaz k\u00f6p\u00fcklerin de at\u0131lmamas\u0131n\u0131 \u00f6neriyoruz. Bu t\u00fcr \u00fcr\u00fcnlerin ta\u015f\u0131nmas\u0131 esnas\u0131nda , kenarlar\u0131n\u0131n sert bir yere \u00e7arpmas\u0131 ihtimaline kar\u015f\u0131 koruyucu bir madde i\u015flevi g\u00f6rmektedir. Ayn\u0131 i\u015flemi beyaz e\u015fyalar\u0131n\u0131z\u0131n ta\u015f\u0131nmas\u0131 s\u0131ras\u0131nda da yapabilirsiniz. Bu sayede e\u015fyalar\u0131n\u0131z zarar g\u00f6rmeden ve daha kolay bir \u015fekilde ta\u015f\u0131n\u0131r.<\/p>\n","protected":false},"excerpt":{"rendered":"<p>Pratik Ev Ta\u015f\u0131ma Bilgileri Pratik ev ta\u015f\u0131ma bilgileri Her alanda oldu\u011fu gibi ev ta\u015f\u0131ma s\u0131ras\u0131nda da baz\u0131 bilgiler hayat kolayla\u015ft\u0131r\u0131c\u0131 olabiliyor. \u00d6ncelikle ta\u015f\u0131yaca\u011f\u0131n\u0131z m\u00fclk\u00fcn b\u00fcy\u00fckl\u00fc\u011f\u00fc, e\u015fyalar\u0131n az veya \u00e7ok olmas\u0131 gibi durumlar fark etmeksizin \u00f6nceden bir haz\u0131rl\u0131k yap\u0131lmas\u0131 \u015fartt\u0131r. Haz\u0131rl\u0131ks\u0131z ve aceleci bir \u015fekilde ta\u015f\u0131nmak olduk\u00e7a yanl\u0131\u015f bir davran\u0131\u015f olacakt\u0131r. Bu hem evinizi ta\u015f\u0131ma s\u00fcrecinin [&#8230;]\n","protected":false},"author":1,"featured_media":0,"parent":0,"menu_order":0,"comment_status":"closed","ping_status":"closed","template":"","meta":{"footnotes":""},"class_list":["post-159","page","type-page","status-publish","hentry"],"_links":{"self":[{"href":"https:\/\/www.evimtasnakliyat.com.tr\/nakliyat\/wp-json\/wp\/v2\/pages\/159","targetHints":{"allow":["GET"]}}],"collection":[{"href":"https:\/\/www.evimtasnakliyat.com.tr\/nakliyat\/wp-json\/wp\/v2\/pages"}],"about":[{"href":"https:\/\/www.evimtasnakliyat.com.tr\/nakliyat\/wp-json\/wp\/v2\/types\/page"}],"author":[{"embeddable":true,"href":"https:\/\/www.evimtasnakliyat.com.tr\/nakliyat\/wp-json\/wp\/v2\/users\/1"}],"replies":[{"embeddable":true,"href":"https:\/\/www.evimtasnakliyat.com.tr\/nakliyat\/wp-json\/wp\/v2\/comments?post=159"}],"version-history":[{"count":4,"href":"https:\/\/www.evimtasnakliyat.com.tr\/nakliyat\/wp-json\/wp\/v2\/pages\/159\/revisions"}],"predecessor-version":[{"id":309,"href":"https:\/\/www.evimtasnakliyat.com.tr\/nakliyat\/wp-json\/wp\/v2\/pages\/159\/revisions\/309"}],"wp:attachment":[{"href":"https:\/\/www.evimtasnakliyat.com.tr\/nakliyat\/wp-json\/wp\/v2\/media?parent=159"}],"curies":[{"name":"wp","href":"https:\/\/api.w.org\/{rel}","templated":true}]}}