{"id":157,"date":"2019-09-11T21:32:17","date_gmt":"2019-09-11T18:32:17","guid":{"rendered":"https:\/\/www.evimtasnakliyat.com.tr\/nakliyat\/?page_id=157"},"modified":"2023-12-05T10:55:50","modified_gmt":"2023-12-05T07:55:50","slug":"kolay-tasinma-tuyolari","status":"publish","type":"page","link":"https:\/\/www.evimtasnakliyat.com.tr\/nakliyat\/kolay-tasinma-tuyolari","title":{"rendered":"Kolay Ta\u015f\u0131nma T\u00fcyolar\u0131"},"content":{"rendered":"<p>Kolay Ta\u015f\u0131nma T\u00fcyolar\u0131<\/p>\n<p><strong>kolay ta\u015f\u0131nma t\u00fcyolar\u0131 <\/strong> g\u00fcn\u00fcm\u00fczde daha iyi bir konumda ev bulmak, daha iyi bir konumda i\u015f yeri bulmak gibi pek \u00e7ok farkl\u0131 sebepten evinizi ya da i\u015f yerinizi ta\u015f\u0131tmak isteyebilirsiniz. \u0130\u00e7inde bulundu\u011fumuz \u00e7a\u011fda bu olduk\u00e7a do\u011fal bir istektir. Ancak, her i\u015fte oldu\u011fu gibi evden eve nakliyat i\u015finde de bir tak\u0131m zorluklar mevcuttur. \u0130\u015f yerinizi ya da evinizi ta\u015f\u0131ma i\u015flemi do\u011fru yap\u0131lmad\u0131\u011f\u0131 takdirde hem zor hem de yorucu olabilir. Ta\u015f\u0131nma i\u015flemlerinizi hem kolayla\u015ft\u0131racak, hem de daha pratik bir \u015fekilde e\u015fyalar\u0131n\u0131z\u0131n yerle\u015fimini ve ta\u015f\u0131nmas\u0131n\u0131 sa\u011flayacak baz\u0131 bilgiler size faydal\u0131 olacakt\u0131r. \u00d6ncelikle sizlere verebilece\u011fimiz tavsiyemiz ve <strong>kolay ta\u015f\u0131nma t\u00fcyolar\u0131<\/strong> aras\u0131nda ilki, isterseniz evinizi isterseniz de i\u015f yerinizi ta\u015f\u0131yor olun, profesyonel bir yard\u0131m alman\u0131z y\u00f6n\u00fcnde olacakt\u0131r.<\/p>\n<p><strong>E\u015fyalar\u0131n\u0131z\u0131 Ayr\u0131 Ayr\u0131 Paketlemeniz Yeni Evinize Yerle\u015fimi Kolayla\u015ft\u0131racakt\u0131r<\/strong><\/p>\n<p>Ta\u015f\u0131nma i\u015flemi s\u0131ras\u0131nda e\u015fyalar\u0131n\u0131z\u0131n farkl\u0131 farkl\u0131 paketlenmesi \u00e7ok daha pratik ve h\u0131zl\u0131 bir \u015fekilde yeni evinize ta\u015f\u0131nmas\u0131n\u0131 sa\u011flayacakt\u0131r. Bu konuyu daha da a\u00e7acak olursak, mutfak e\u015fyalar\u0131n\u0131z\u0131 ayn\u0131 kolilere, banyo e\u015fyalar\u0131n\u0131z\u0131 ayn\u0131 kolilere ve di\u011fer odalar\u0131n\u0131zdaki e\u015fyalar\u0131 da birbiriyle uyumlu olacak \u015fekilde ayn\u0131 kolilere yerle\u015ftiriniz. Mutfak, banyo ,oturma odas\u0131 e\u015fyalar\u0131 gibi farkl\u0131 e\u015fyalar\u0131 birlikte paketlemekten ka\u00e7\u0131nmal\u0131s\u0131n\u0131z. Kolilerin \u00fczerine hangi odaya ait oldu\u011funa dair yaz\u0131 yazman\u0131z da e\u015fyalar\u0131n\u0131z\u0131 daha kolay bulup yeni evinize yerle\u015ftirmenize olanak sa\u011flayacakt\u0131r. Ayr\u0131ca <strong>kolay ta\u015f\u0131nma t\u00fcyolar\u0131 <\/strong>aras\u0131ndaki di\u011fer bir \u00f6nemli nokta da e\u015fyalar\u0131n jelatinlenmesidir. \u00c7izilmeye m\u00fcsait olan de\u011ferli e\u015fyalar\u0131n\u0131z\u0131 birka\u00e7 kat jelatinlemenizi \u00f6neriyoruz. Bu hem ta\u015f\u0131nma esnas\u0131nda tozlanmay\u0131, hem de \u00e7izilmeyi \u00f6nleyecektir. Mobilya gibi daha b\u00fcy\u00fck ebatta ve jelatinlenmeye uygun olmayan e\u015fyalar\u0131 da battaniye tarz\u0131 yumu\u015fak \u00f6rt\u00fclerle ta\u015f\u0131mak daha do\u011fru olacakt\u0131r.<\/p>\n<p><strong>Liste Yaparak Daha Pratik \u015eekilde Ta\u015f\u0131nabilirsiniz<\/strong><\/p>\n<p>Ta\u015f\u0131n\u0131rken bir not defterine liste haz\u0131rlayarak daha pratik bir \u015fekilde ta\u015f\u0131nabilirsiniz. Bu listeye hangi e\u015fyalar\u0131n yeni evinize g\u00f6t\u00fcr\u00fclmesi gerekti\u011fini yazabilirsiniz. Fazla eskimi\u015f ve kullan\u0131lamaz hale gelmi\u015f e\u015fyalar\u0131n\u0131z\u0131 yeni evinize g\u00f6t\u00fcrmeden atabilirsiniz. B\u00f6ylece, yeni evinizdeki dekorasyonu daha minimal ve sade bir hale getirebilirsiniz. E\u015fyalar\u0131n\u0131z\u0131 listeledikten sonra paketlemesini yapabilirsiniz. Paketledi\u011finiz e\u015fyalar\u0131 listeye yazarak, hangi kolilerde oldu\u011funu kolayca bulabilirsiniz. Bu sayede yeni evinize ula\u015ft\u0131\u011f\u0131n\u0131zda t\u00fcm kolileri a\u00e7arak e\u015fyalar\u0131n\u0131z\u0131n da\u011f\u0131n\u0131k hale gelmesini engellersiniz. Yukar\u0131da belirtti\u011fimiz gibi kolilerin \u00fczerine hangi odaya ait oldu\u011funuz yazarken, not defterinize de kolileri numaraland\u0131rarak yaz\u0131n. Ayr\u0131ca sizler i\u00e7in <a href=\"https:\/\/www.evimtasnakliyat.com.tr\/nakliyat\/kolay-tasinma-tuyolari\"><strong>kolay ta\u015f\u0131nma t\u00fcyolar\u0131 <\/strong><\/a>aras\u0131ndaki bir di\u011fer \u00f6nemli t\u00fcyo da de\u011ferli e\u015fyalar\u0131n yan\u0131n\u0131za al\u0131nmas\u0131d\u0131r. \u00d6nemli evraklar, ziynet e\u015fyalar\u0131 gibi de\u011ferli maddeleri yan\u0131n\u0131zda g\u00f6t\u00fcrerek kaybolmas\u0131n\u0131n ya da zarar g\u00f6rmesinin \u00f6n\u00fcne ge\u00e7mi\u015f olursunuz.<\/p>\n<p><strong>Profesyonel Yard\u0131m Almak Size Kolayl\u0131k Sa\u011flayacakt\u0131r<\/strong><\/p>\n<p>E\u015fyalar\u0131n\u0131z\u0131n ta\u015f\u0131nmas\u0131 s\u0131ras\u0131nda profesyonel yard\u0131m almak en do\u011frusu olacakt\u0131r. Biz Evimta\u015f Nakliyat olarak hem evinizi hem de i\u015f yerinizi pratik ve sorunsuz bir \u015fekilde ta\u015f\u0131yoruz. Kendi kendinize ta\u015f\u0131nmaya karar verirseniz pek \u00e7ok de\u011fi\u015fik problemle kar\u015f\u0131la\u015fman\u0131z y\u00fcksek olas\u0131l\u0131kt\u0131r. Nakliyat hizmetinin profesyonel bir i\u015f oldu\u011funun bilinci ile hareket etmenizi \u00f6neriyoruz. E\u015fyalar\u0131n paketlenmesi, y\u00fcklenmesi ve ta\u015f\u0131nmas\u0131 gibi i\u015flemler kendi kendinize yapman\u0131z zor olan i\u015flemlerdir. Hem zamandan hem de enerjiden tasarruf etmeniz ad\u0131na profesyonel \u015fekilde nakliye hizmeti alman\u0131z iyi olacakt\u0131r. Sizler i\u00e7in <strong>kolay ta\u015f\u0131nma t\u00fcyolar\u0131 <\/strong>aras\u0131nda verebilece\u011fimiz en \u00f6nemli t\u00fcyolardan bir tanesi de bu olacakt\u0131r.<\/p>\n","protected":false},"excerpt":{"rendered":"<p>Kolay Ta\u015f\u0131nma T\u00fcyolar\u0131 kolay ta\u015f\u0131nma t\u00fcyolar\u0131 g\u00fcn\u00fcm\u00fczde daha iyi bir konumda ev bulmak, daha iyi bir konumda i\u015f yeri bulmak gibi pek \u00e7ok farkl\u0131 sebepten evinizi ya da i\u015f yerinizi ta\u015f\u0131tmak isteyebilirsiniz. \u0130\u00e7inde bulundu\u011fumuz \u00e7a\u011fda bu olduk\u00e7a do\u011fal bir istektir. Ancak, her i\u015fte oldu\u011fu gibi evden eve nakliyat i\u015finde de bir tak\u0131m zorluklar mevcuttur. \u0130\u015f [&#8230;]\n","protected":false},"author":1,"featured_media":0,"parent":0,"menu_order":0,"comment_status":"closed","ping_status":"closed","template":"","meta":{"footnotes":""},"class_list":["post-157","page","type-page","status-publish","hentry"],"_links":{"self":[{"href":"https:\/\/www.evimtasnakliyat.com.tr\/nakliyat\/wp-json\/wp\/v2\/pages\/157","targetHints":{"allow":["GET"]}}],"collection":[{"href":"https:\/\/www.evimtasnakliyat.com.tr\/nakliyat\/wp-json\/wp\/v2\/pages"}],"about":[{"href":"https:\/\/www.evimtasnakliyat.com.tr\/nakliyat\/wp-json\/wp\/v2\/types\/page"}],"author":[{"embeddable":true,"href":"https:\/\/www.evimtasnakliyat.com.tr\/nakliyat\/wp-json\/wp\/v2\/users\/1"}],"replies":[{"embeddable":true,"href":"https:\/\/www.evimtasnakliyat.com.tr\/nakliyat\/wp-json\/wp\/v2\/comments?post=157"}],"version-history":[{"count":4,"href":"https:\/\/www.evimtasnakliyat.com.tr\/nakliyat\/wp-json\/wp\/v2\/pages\/157\/revisions"}],"predecessor-version":[{"id":307,"href":"https:\/\/www.evimtasnakliyat.com.tr\/nakliyat\/wp-json\/wp\/v2\/pages\/157\/revisions\/307"}],"wp:attachment":[{"href":"https:\/\/www.evimtasnakliyat.com.tr\/nakliyat\/wp-json\/wp\/v2\/media?parent=157"}],"curies":[{"name":"wp","href":"https:\/\/api.w.org\/{rel}","templated":true}]}}