{"id":155,"date":"2019-09-11T21:31:18","date_gmt":"2019-09-11T18:31:18","guid":{"rendered":"https:\/\/www.evimtasnakliyat.com.tr\/nakliyat\/?page_id=155"},"modified":"2024-09-18T11:14:58","modified_gmt":"2024-09-18T08:14:58","slug":"evden-eve-nakliyat-fiyat-tarifesi","status":"publish","type":"page","link":"https:\/\/www.evimtasnakliyat.com.tr\/nakliyat\/evden-eve-nakliyat-fiyat-tarifesi","title":{"rendered":"Evden Eve Nakliyat Fiyat Tarifesi"},"content":{"rendered":"\n<p><strong>Evden Eve Nakliyat Fiyat Tarifesi\u00a0<\/strong>e\u015fya ta\u015f\u0131ma i\u015flemi s\u0131ras\u0131nda, verilen hizmetin kalitesi kadar fiyat da \u00f6nemlidir. M\u00fc\u015fterilerimiz do\u011fal olarak hem e\u015fyalar\u0131n\u0131n kaliteli ve sorunsuz bir bi\u00e7imde yeni evlerine ta\u015f\u0131nmas\u0131n\u0131, hem de bu i\u015flemin olabildi\u011fince hesapl\u0131 bir \u015fekilde yap\u0131lmas\u0131n\u0131 isterler. Her sekt\u00f6rde oldu\u011fu gibi evden eve nakliyat i\u015flemi s\u0131ras\u0131nda da fiyatlarda yap\u0131lacak i\u015fleme g\u00f6re de\u011fi\u015fiklik g\u00f6zlenmektedir. \u00d6rne\u011fin birbirine 800 km uzakl\u0131kta olan 2 il aras\u0131ndaki ta\u015f\u0131mac\u0131l\u0131k ile, ayn\u0131 mahallede yap\u0131lacak ta\u015f\u0131mac\u0131l\u0131k i\u015flemi farkl\u0131 farkl\u0131 fiyatland\u0131r\u0131lacakt\u0131r. Yani\u00a0<strong>evden eve nakliyat fiyat tarifesi<\/strong>\u00a0i\u00e7erisinde al\u0131nan hizmete ve konuma g\u00f6re de\u011fi\u015fiklik olmaktad\u0131r. Bunun temel sebebi de ta\u015f\u0131ma i\u015flemleri s\u0131ras\u0131nda ana maaliyeti benzin giderlerinin olu\u015fturmas\u0131d\u0131r. Yani k\u0131sa mesafelerde yap\u0131lan ta\u015f\u0131nma i\u015flemleri ile, uzun mesafelerde yap\u0131lan ta\u015f\u0131nma i\u015flemleri do\u011fal olarak farkl\u0131 fiyat tarifesi ile \u00fccretlendirilmektedir. Bunun yan\u0131 s\u0131ra e\u015fyalar\u0131n miktar\u0131 da fiyat\u0131 etkileyen ana unsurlardan bir tanesidir. Baz\u0131 m\u00fc\u015fterilerimizin e\u015fya adedi i\u00e7in 1 ara\u00e7 kullanmam\u0131z gerekirken, e\u015fyas\u0131 \u00e7ok olan m\u00fc\u015fterilerimiz i\u00e7in 2 ara\u00e7 kullanabilmekteyiz. Bu da fiyat\u0131n artmas\u0131na neden olan bir di\u011fer fakt\u00f6rd\u00fcr.\u00a0<strong>En Uygun Fiyatl\u0131 \u015eekilde Evden Eve Nakliyat Hizmeti<\/strong>\u00a0T\u00fcm m\u00fc\u015fterilerimiz i\u00e7in, \u0130stanbul ba\u015fta olmak \u00fczere t\u00fcm \u015fehirlere en uygun fiyatlarla nakliyat hizmeti veriyoruz. Evimta\u015f Nakliyat olarak kuruldu\u011fumuz g\u00fcnden beri, en kaliteli hizmeti en uygun fiyatlarla m\u00fc\u015fterilerimize verdik. Hem kaliteli hizmet al\u0131p hem de uygun fiyatlarla evden eve nakliyat hizmeti almak istiyorsan\u0131z do\u011fru adrestesiniz. Evinizi ya da ofisinizi farkl\u0131 bir konuma ta\u015f\u0131ma ihtiyac\u0131n\u0131z olabilir. G\u00fcnl\u00fck hayat\u0131n sorunlar\u0131ndan bir tanesi de ta\u015f\u0131ma i\u015flemlerinin yorucu ve zor olmas\u0131d\u0131r. Biz Evimta\u015f Nakliyat olarak bu durumu sizin yerinize h\u0131zl\u0131, kaliteli ve uygun fiyatl\u0131 bir \u015fekilde yap\u0131yoruz. M\u00fc\u015fterilerimizin merak etti\u011fi\u00a0<strong>evden eve nakliyat fiyat tarifesi\u00a0<\/strong>hakk\u0131nda detay vermemiz gerekirse, \u0130stanbul ba\u015fta olmak \u00fczere her b\u00f6lgeye en uygun fiyatlarla nakliyat hizmeti vermekteyiz. Herkesin kaliteli hizmeti uygun fiyatlarla almay\u0131 istedi\u011finin fark\u0131nday\u0131z.Firmam\u0131z, yapt\u0131\u011f\u0131 t\u00fcm i\u015flemlerde yasalara uygun, s\u00f6zle\u015fmeli, sigortal\u0131 ve profesyonel bir anlay\u0131\u015f i\u00e7erisinde \u00e7al\u0131\u015fmaktad\u0131r. \u0130sterseniz \u015fehir i\u00e7inde, isterseniz de \u015fehir d\u0131\u015f\u0131nda bizden hizmet alabilirsiniz. Konum ve lokasyon farketmeksizin profesyonel \u015fekilde e\u015fyalar\u0131n\u0131z\u0131 ta\u015f\u0131yoruz.\u00a0<strong>\u0130stanbul \u0130\u00e7i Kaliteli ve Hesapl\u0131 Ev Ta\u015f\u0131ma Firmas\u0131<\/strong>\u00a0\u0130stanbul i\u00e7inde hem kaliteli hem de uygun fiyatlarla ev ta\u015f\u0131tmak istiyorsan\u0131z do\u011fru yerdesiniz. Evimta\u015f Nakliyat firmas\u0131 olarak, uygun fiyatl\u0131 ta\u015f\u0131ma hizmetini firma kalitemizle b\u00fct\u00fcnle\u015ftirerek \u00fcst seviye bir hizmet veriyoruz. M\u00fc\u015fterilerimizin s\u0131k\u00e7a sordu\u011fu sorulardan biri de evimi ne kadar fiyata ta\u015f\u0131tabilirim sorusudur. Bu sorunun net cevab\u0131n\u0131 \u00f6\u011frenmek i\u00e7in bizimle ileti\u015fime ge\u00e7ip e\u015fyalar\u0131n\u0131z\u0131n adedi, ta\u015f\u0131nd\u0131\u011f\u0131n\u0131z ev ile ta\u015f\u0131naca\u011f\u0131n\u0131z ev aras\u0131ndaki mesafe gibi baz\u0131 bilgileri vermeniz gerekmektedir. Her i\u015flemde oldu\u011fu gibi nakliyat i\u015flemlerinde de\u00a0<a href=\"https:\/\/www.evimtasnakliyat.com.tr\/nakliyat\/evden-eve-nakliyat-fiyat-tarifesi\"><strong>evden eve nakliyat fiyat tarifesi\u00a0<\/strong><\/a>de\u011fi\u015fmektedir.Sadece mobilya ta\u015f\u0131mak i\u00e7in ayr\u0131 fiyat, komple ev ta\u015f\u0131mak i\u00e7in ayr\u0131 fiyat, ofis ta\u015f\u0131mak i\u00e7in ayr\u0131 fiyatlar\u0131m\u0131z mevcuttur. Fiyatlar\u0131m\u0131z hem uygun hem de m\u00fc\u015fterilerimiz i\u00e7in avantajl\u0131 olabilecek \u015fekilde belirlenmi\u015ftir. Depolama hizmetimiz i\u00e7in de ayr\u0131 bir fiyat tarifemiz oldu\u011funu belirtmekte fayda var. Uzun y\u0131llard\u0131r piyasan\u0131n i\u00e7inde yer alan bir firma olarak, sizleri memnun edece\u011fimizi garanti ediyoruz. Bize ula\u015farak daha detayl\u0131 bilgi edinebilirsiniz.<\/p>\n","protected":false},"excerpt":{"rendered":"<p>Evden Eve Nakliyat Fiyat Tarifesi\u00a0e\u015fya ta\u015f\u0131ma i\u015flemi s\u0131ras\u0131nda, verilen hizmetin kalitesi kadar fiyat da \u00f6nemlidir. M\u00fc\u015fterilerimiz do\u011fal olarak hem e\u015fyalar\u0131n\u0131n kaliteli ve sorunsuz bir bi\u00e7imde yeni evlerine ta\u015f\u0131nmas\u0131n\u0131, hem de bu i\u015flemin olabildi\u011fince hesapl\u0131 bir \u015fekilde yap\u0131lmas\u0131n\u0131 isterler. Her sekt\u00f6rde oldu\u011fu gibi evden eve nakliyat i\u015flemi s\u0131ras\u0131nda da fiyatlarda yap\u0131lacak i\u015fleme g\u00f6re de\u011fi\u015fiklik g\u00f6zlenmektedir. \u00d6rne\u011fin [&#8230;]\n","protected":false},"author":1,"featured_media":130,"parent":0,"menu_order":0,"comment_status":"closed","ping_status":"closed","template":"","meta":{"footnotes":""},"class_list":["post-155","page","type-page","status-publish","has-post-thumbnail","hentry"],"_links":{"self":[{"href":"https:\/\/www.evimtasnakliyat.com.tr\/nakliyat\/wp-json\/wp\/v2\/pages\/155","targetHints":{"allow":["GET"]}}],"collection":[{"href":"https:\/\/www.evimtasnakliyat.com.tr\/nakliyat\/wp-json\/wp\/v2\/pages"}],"about":[{"href":"https:\/\/www.evimtasnakliyat.com.tr\/nakliyat\/wp-json\/wp\/v2\/types\/page"}],"author":[{"embeddable":true,"href":"https:\/\/www.evimtasnakliyat.com.tr\/nakliyat\/wp-json\/wp\/v2\/users\/1"}],"replies":[{"embeddable":true,"href":"https:\/\/www.evimtasnakliyat.com.tr\/nakliyat\/wp-json\/wp\/v2\/comments?post=155"}],"version-history":[{"count":5,"href":"https:\/\/www.evimtasnakliyat.com.tr\/nakliyat\/wp-json\/wp\/v2\/pages\/155\/revisions"}],"predecessor-version":[{"id":432,"href":"https:\/\/www.evimtasnakliyat.com.tr\/nakliyat\/wp-json\/wp\/v2\/pages\/155\/revisions\/432"}],"wp:featuredmedia":[{"embeddable":true,"href":"https:\/\/www.evimtasnakliyat.com.tr\/nakliyat\/wp-json\/wp\/v2\/media\/130"}],"wp:attachment":[{"href":"https:\/\/www.evimtasnakliyat.com.tr\/nakliyat\/wp-json\/wp\/v2\/media?parent=155"}],"curies":[{"name":"wp","href":"https:\/\/api.w.org\/{rel}","templated":true}]}}