{"id":151,"date":"2019-09-09T19:02:22","date_gmt":"2019-09-09T16:02:22","guid":{"rendered":"https:\/\/www.evimtasnakliyat.com.tr\/nakliyat\/?page_id=151"},"modified":"2019-09-27T19:26:42","modified_gmt":"2019-09-27T16:26:42","slug":"iletisim","status":"publish","type":"page","link":"https:\/\/www.evimtasnakliyat.com.tr\/nakliyat\/iletisim","title":{"rendered":"\u0130leti\u015fim"},"content":{"rendered":"<p>EV\u0130MTA\u015e NAKL\u0130YAT \u0130LET\u0130\u015e\u0130M<br \/>\nAnadolu Yakas\u0131 \u00c7a\u011fr\u0131 Merkezi 2<br \/>\n0 216 519 92 89<\/p>\n<p>0 532 208 07 81<\/p>\n<p>Avrupa Yakas\u0131 \u00c7a\u011fr\u0131 Merkezi 2<br \/>\n0 212 423 56 65<\/p>\n<p>0 532 208 07 81<\/p>\n<p>info@evimtasnakliyat.com.tr<\/p>\n","protected":false},"excerpt":{"rendered":"<p>EV\u0130MTA\u015e NAKL\u0130YAT \u0130LET\u0130\u015e\u0130M Anadolu Yakas\u0131 \u00c7a\u011fr\u0131 Merkezi 2 0 216 519 92 89 0 532 208 07 81 Avrupa Yakas\u0131 \u00c7a\u011fr\u0131 Merkezi 2 0 212 423 56 65 0 532 208 07 81 info@evimtasnakliyat.com.tr<\/p>\n","protected":false},"author":1,"featured_media":0,"parent":0,"menu_order":0,"comment_status":"closed","ping_status":"closed","template":"","meta":{"footnotes":""},"class_list":["post-151","page","type-page","status-publish","hentry"],"_links":{"self":[{"href":"https:\/\/www.evimtasnakliyat.com.tr\/nakliyat\/wp-json\/wp\/v2\/pages\/151","targetHints":{"allow":["GET"]}}],"collection":[{"href":"https:\/\/www.evimtasnakliyat.com.tr\/nakliyat\/wp-json\/wp\/v2\/pages"}],"about":[{"href":"https:\/\/www.evimtasnakliyat.com.tr\/nakliyat\/wp-json\/wp\/v2\/types\/page"}],"author":[{"embeddable":true,"href":"https:\/\/www.evimtasnakliyat.com.tr\/nakliyat\/wp-json\/wp\/v2\/users\/1"}],"replies":[{"embeddable":true,"href":"https:\/\/www.evimtasnakliyat.com.tr\/nakliyat\/wp-json\/wp\/v2\/comments?post=151"}],"version-history":[{"count":3,"href":"https:\/\/www.evimtasnakliyat.com.tr\/nakliyat\/wp-json\/wp\/v2\/pages\/151\/revisions"}],"predecessor-version":[{"id":154,"href":"https:\/\/www.evimtasnakliyat.com.tr\/nakliyat\/wp-json\/wp\/v2\/pages\/151\/revisions\/154"}],"wp:attachment":[{"href":"https:\/\/www.evimtasnakliyat.com.tr\/nakliyat\/wp-json\/wp\/v2\/media?parent=151"}],"curies":[{"name":"wp","href":"https:\/\/api.w.org\/{rel}","templated":true}]}}